{"id":109,"date":"2025-03-31T23:13:09","date_gmt":"2025-03-31T23:13:09","guid":{"rendered":"https:\/\/crossroadsband.org\/?page_id=109"},"modified":"2025-11-22T04:41:20","modified_gmt":"2025-11-22T11:41:20","slug":"about-us","status":"publish","type":"page","link":"https:\/\/crossroadsband.org\/hu\/about-us\/","title":{"rendered":"R\u00f3lunk"},"content":{"rendered":"<br \/>\n<\/p>\n<h3>\ud83c\udfb8 R\u00f3lunk<\/h3>\n<p>A <strong>Crossroads Band<\/strong> egy San Francisco \u00d6b\u00f6l K\u00f6rny\u00e9ki sz\u00e9khely\u0171 feldolgoz\u00e1s zenekar, amely a magyar pop-rock zene klasszikusait j\u00e1tssza az 1980-as \u00e9s 1990-es \u00e9vekb\u0151l \u2014 k\u00fcl\u00f6n\u00f6s figyelemmel az elm\u00falt t\u00edz \u00e9v n\u00e9pszer\u0171 sl\u00e1gereire is.<\/p>\n<p>Reperto\u00e1runkban nemcsak lend\u00fcletes pop- \u00e9s rockdalok szerepelnek, hanem meghittebb el\u0151ad\u00e1sok is, mint p\u00e9ld\u00e1ul <strong>megzen\u00e9s\u00edtett versek<\/strong> \u00e9s <strong>hagyom\u00e1nyos magyar n\u00e9pdalok \u00fajragondolt v\u00e1ltozatai<\/strong>, amelyek t\u00fckr\u00f6zik gy\u00f6kereinket \u00e9s kult\u00far\u00e1k k\u00f6z\u00f6tti kapcsol\u00f3d\u00e1si v\u00e1gyunkat.<\/p>\n<h3>\ud83c\udf1f Alap\u00edtv\u00e1nyunk<\/h3>\n<p>Zenekarunk a <strong>Crossroads Music &amp; Arts Foundation (Crossroads zenei \u00e9s m\u0171v\u00e9szeti alap\u00edtv\u00e1ny)<\/strong> keret\u00e9ben m\u0171k\u00f6dik, amely egy hivatalosan bejegyzett kaliforniai nonprofit szervezet (EIN: <strong>33-4279984<\/strong>), hivatalos alap\u00edt\u00e1s\u00e1nak d\u00e1tuma: <strong>2025. m\u00e1rcius 30<\/strong>. Az alap\u00edtv\u00e1ny 2025 m\u00e1jus 20-a \u00f3ta <strong>sz\u00f6vets\u00e9gi ad\u00f3mentess\u00e9get \u00e9lvez, a 501(c)(3)<\/strong> cikkely alapj\u00e1n.<\/p>\n<p><em>K\u00fcldet\u00e9s\u00fcnk a <strong>zenei \u00e9s kultur\u00e1lis gazdagod\u00e1s el\u0151seg\u00edt\u00e9se<\/strong>, koncertek, oktat\u00e1si programok \u00e9s k\u00f6z\u00f6ss\u00e9gi esem\u00e9nyek szervez\u00e9s\u00e9n kereszt\u00fcl, gyerekeknek \u00e9s feln\u0151tteknek egyar\u00e1nt. Kiemelt figyelmet ford\u00edtunk a <strong>magyar hagyom\u00e1nyokra<\/strong>, ugyanakkor m\u00e1s kort\u00e1rs \u00e9s tradicion\u00e1lis m\u0171v\u00e9szeti form\u00e1kat is \u00fcnnepl\u00fcnk.<\/em><\/p>\n<p>F\u0151 tev\u00e9kenys\u00e9geink k\u00f6z\u00e9 tartoznak:<\/p>\n<ul>\n<li>Zeneoktat\u00e1s (ukulele, git\u00e1r, hangtechnika)<\/li>\n<li>Kultur\u00e1lis workshopok \u00e9s el\u0151ad\u00e1sok<\/li>\n<li>N\u00e9pzenei \u00e9s folk-f\u00fazi\u00f3s koncertek<\/li>\n<li>Kv\u00edz estek, bulik \u00e9s eg\u00e9sz napos zenei esem\u00e9nyek<\/li>\n<\/ul>\n<p>Jelenleg folyamatban van a <strong>501(c)(3)<\/strong> sz\u00f6vets\u00e9gi ad\u00f3mentes st\u00e1tusz ig\u00e9nyl\u00e9se, amelynek elb\u00edr\u00e1l\u00e1sa ut\u00e1n friss\u00edtj\u00fck ezt az oldalt.<\/p>\n<p>\ud83d\udcec Kapcsolat<br \/>\nSzeretn\u00e9d, hogy fell\u00e9pj\u00fcnk a rendezv\u00e9nyeden? \u00c9rdekel az egy\u00fcttm\u0171k\u00f6d\u00e9s vagy t\u00e1mogatn\u00e1d az alap\u00edtv\u00e1nyunkat?<\/p>\n<p>\ud83d\udce7 hello@crossroadsband.org<br \/>\n\ud83c\udf0d https:\/\/crossroadsband.org<\/p>\n<p><\/p>","protected":false},"excerpt":{"rendered":"","protected":false},"author":1,"featured_media":213,"parent":0,"menu_order":0,"comment_status":"closed","ping_status":"closed","template":"","meta":{"footnotes":""},"class_list":["post-109","page","type-page","status-publish","has-post-thumbnail","hentry"],"_links":{"self":[{"href":"https:\/\/crossroadsband.org\/hu\/wp-json\/wp\/v2\/pages\/109","targetHints":{"allow":["GET"]}}],"collection":[{"href":"https:\/\/crossroadsband.org\/hu\/wp-json\/wp\/v2\/pages"}],"about":[{"href":"https:\/\/crossroadsband.org\/hu\/wp-json\/wp\/v2\/types\/page"}],"author":[{"embeddable":true,"href":"https:\/\/crossroadsband.org\/hu\/wp-json\/wp\/v2\/users\/1"}],"replies":[{"embeddable":true,"href":"https:\/\/crossroadsband.org\/hu\/wp-json\/wp\/v2\/comments?post=109"}],"version-history":[{"count":16,"href":"https:\/\/crossroadsband.org\/hu\/wp-json\/wp\/v2\/pages\/109\/revisions"}],"predecessor-version":[{"id":654,"href":"https:\/\/crossroadsband.org\/hu\/wp-json\/wp\/v2\/pages\/109\/revisions\/654"}],"wp:featuredmedia":[{"embeddable":true,"href":"https:\/\/crossroadsband.org\/hu\/wp-json\/wp\/v2\/media\/213"}],"wp:attachment":[{"href":"https:\/\/crossroadsband.org\/hu\/wp-json\/wp\/v2\/media?parent=109"}],"curies":[{"name":"wp","href":"https:\/\/api.w.org\/{rel}","templated":true}]}}