{"id":247,"date":"2025-04-02T00:20:28","date_gmt":"2025-04-02T07:20:28","guid":{"rendered":"https:\/\/crossroadsband.org\/?page_id=247"},"modified":"2025-11-22T04:14:22","modified_gmt":"2025-11-22T11:14:22","slug":"ukulele-classes","status":"publish","type":"page","link":"https:\/\/crossroadsband.org\/hu\/ukulele-classes\/","title":{"rendered":"Ukulele oktat\u00e1s"},"content":{"rendered":"<\/p>\n<h3>\ud83c\udfb8 Ukulele oktat\u00e1s a Crossroads szervez\u00e9s\u00e9ben<\/h3>\n<p>Attila k\u00e9thetente-h\u00e1romhetente ukulele oktat\u00e1st tart a San Francisc\u00f3-i Magyar Kultur\u00e1lis K\u00f6zpontban (Newark, CA). Az esem\u00e9ny ingyenes, a helysz\u00ednt az MKK biztos\u00edtja, Attila pedig \u00f6nk\u00e9ntesk\u00e9nt v\u00e1llalja az oktat\u00e1st.<\/p>\n<p>Az \u00f3r\u00e1kon Attila akkordokat tan\u00edt, \u00e9s a r\u00e9sztvev\u0151kkel egy\u00fctt \u00e9nekelnek magyar gyerekdalokat, n\u00e9pdalokat, illetve id\u0151nk\u00e9nt pop-rock sl\u00e1gereket is. Egy-egy alkalom k\u00f6r\u00fclbel\u00fcl m\u00e1sf\u00e9l-k\u00e9t \u00f3r\u00e1ig tart, \u00e1ltal\u00e1ban 2\u20134 r\u00e9sztvev\u0151vel.<\/p>\n<p>Szinte mindenkinek van saj\u00e1t ukulel\u00e9je, de akinek nincs, annak a helyi magyar cserk\u00e9szcsapatok biztos\u00edtanak hangszert.<\/p>\n<p>Az egyes alkalmak \u00f6sszefoglal\u00f3i fot\u00f3kkal \u00e9s vide\u00f3kkal, amelyeket kor\u00e1bban Facebookon is k\u00f6zz\u00e9tettek, a blogon tal\u00e1lhat\u00f3k meg.<\/p>\n<p>Mindenkit szeretettel v\u00e1runk\u2014gyere, pengess \u00e9s \u00e9nekelj egy\u00fctt Attil\u00e1val!<br \/>\n<br \/>\n<ul class=\"display-posts-listing\"><li class=\"listing-item\"><a class=\"title\" href=\"https:\/\/crossroadsband.org\/hu\/2025\/12\/23\/eszterlanc-christmas-fair\/\">Eszterl\u00e1nc Christmas Fair<\/a><\/li><li class=\"listing-item\"><a class=\"title\" href=\"https:\/\/crossroadsband.org\/hu\/2025\/12\/17\/ukulele-class-s02e03\/\">Ukulele Class s02e03<\/a><\/li><li class=\"listing-item\"><a class=\"title\" href=\"https:\/\/crossroadsband.org\/hu\/2025\/11\/06\/ukulele-class-s02e02\/\">Ukulele Class s02e02<\/a><\/li><li class=\"listing-item\"><a class=\"title\" href=\"https:\/\/crossroadsband.org\/hu\/2025\/10\/08\/ukulele-class-s02e01\/\">Ukulele Class s02e01<\/a><\/li><\/ul><br \/>\n<ul class=\"display-posts-listing\"><li class=\"listing-item\"><a class=\"title\" href=\"https:\/\/crossroadsband.org\/hu\/2025\/04\/23\/ukulele-class-ix\/\">Ukulele oktat\u00e1s IX<\/a><\/li><li class=\"listing-item\"><a class=\"title\" href=\"https:\/\/crossroadsband.org\/hu\/2025\/04\/09\/ukulele-class-viii\/\">Ukulele oktat\u00e1s VIII<\/a><\/li><li class=\"listing-item\"><a class=\"title\" href=\"https:\/\/crossroadsband.org\/hu\/2025\/03\/13\/ukulele-class-vii\/\">Ukulele oktat\u00e1s VII<\/a><\/li><li class=\"listing-item\"><a class=\"title\" href=\"https:\/\/crossroadsband.org\/hu\/2025\/02\/26\/ukulele-class-vi\/\">Ukulele oktat\u00e1s VI<\/a><\/li><li class=\"listing-item\"><a class=\"title\" href=\"https:\/\/crossroadsband.org\/hu\/2025\/02\/12\/ukulele-class-v\/\">Ukulele oktat\u00e1s V<\/a><\/li><li class=\"listing-item\"><a class=\"title\" href=\"https:\/\/crossroadsband.org\/hu\/2025\/01\/10\/ukulele-class-iv\/\">Ukulele oktat\u00e1s IV<\/a><\/li><li class=\"listing-item\"><a class=\"title\" href=\"https:\/\/crossroadsband.org\/hu\/2024\/12\/05\/ukulele-class-iii\/\">Ukulele oktat\u00e1s III<\/a><\/li><li class=\"listing-item\"><a class=\"title\" href=\"https:\/\/crossroadsband.org\/hu\/2024\/11\/13\/ukulele-class-ii\/\">Ukulele oktat\u00e1s II<\/a><\/li><li class=\"listing-item\"><a class=\"title\" href=\"https:\/\/crossroadsband.org\/hu\/2024\/10\/23\/ukulele-class-i\/\">Ukulele oktat\u00e1s I<\/a><\/li><\/ul><\/p>","protected":false},"excerpt":{"rendered":"","protected":false},"author":1,"featured_media":0,"parent":0,"menu_order":0,"comment_status":"closed","ping_status":"closed","template":"","meta":{"footnotes":""},"class_list":["post-247","page","type-page","status-publish","hentry"],"_links":{"self":[{"href":"https:\/\/crossroadsband.org\/hu\/wp-json\/wp\/v2\/pages\/247","targetHints":{"allow":["GET"]}}],"collection":[{"href":"https:\/\/crossroadsband.org\/hu\/wp-json\/wp\/v2\/pages"}],"about":[{"href":"https:\/\/crossroadsband.org\/hu\/wp-json\/wp\/v2\/types\/page"}],"author":[{"embeddable":true,"href":"https:\/\/crossroadsband.org\/hu\/wp-json\/wp\/v2\/users\/1"}],"replies":[{"embeddable":true,"href":"https:\/\/crossroadsband.org\/hu\/wp-json\/wp\/v2\/comments?post=247"}],"version-history":[{"count":12,"href":"https:\/\/crossroadsband.org\/hu\/wp-json\/wp\/v2\/pages\/247\/revisions"}],"predecessor-version":[{"id":646,"href":"https:\/\/crossroadsband.org\/hu\/wp-json\/wp\/v2\/pages\/247\/revisions\/646"}],"wp:attachment":[{"href":"https:\/\/crossroadsband.org\/hu\/wp-json\/wp\/v2\/media?parent=247"}],"curies":[{"name":"wp","href":"https:\/\/api.w.org\/{rel}","templated":true}]}}