{"id":299,"date":"2025-04-02T18:03:44","date_gmt":"2025-04-03T01:03:44","guid":{"rendered":"https:\/\/crossroadsband.org\/?page_id=299"},"modified":"2025-04-05T23:34:07","modified_gmt":"2025-04-06T06:34:07","slug":"hawaii-diaspora-camps","status":"publish","type":"page","link":"https:\/\/crossroadsband.org\/hu\/hawaii-diaspora-camps\/","title":{"rendered":"Hawaii Diaszp\u00f3ra T\u00e1borok"},"content":{"rendered":"<\/p>\n<h3>\ud83c\udf3a Hawaii Diaszp\u00f3ra T\u00e1borok<\/h3>\n<p>Eddig h\u00e1rom alkalommal, 2022, 2023 \u00e9s 2024-ben ker\u00fclt megrendez\u00e9sre a Hawaii Diaszp\u00f3ra T\u00e1bor. A t\u00e1bor meg\u00e1lmod\u00f3ja \u00e9s f\u0151szervez\u0151je T\u00f6rteli \u00c1gi, aki a Hawaii Magyar Iskola sz\u00fcl\u0151i k\u00f6z\u00f6ss\u00e9g\u00e9vel kar\u00f6ltve minden H\u00e1laad\u00e1skor \u00f6sszehozza a gyerekes csal\u00e1dokat egy \u00f6tnapos, a magyar \u00e9s hawaii kult\u00fara k\u00fcl\u00f6nleges egys\u00e9g\u00e9t is megmutat\u00f3 t\u00e1borba.<\/p>\n<p>A t\u00e1borlak\u00f3k O\u2018ahu sziget\u00e9n gy\u0171lnek \u00f6ssze, van, aki m\u00e1s Hawaii szigetr\u0151l \u00e9rkezik, van, aki Kaliforni\u00e1b\u00f3l, de van, aki az USA keleti partj\u00e1r\u00f3l. A program a gyerekeket helyezi k\u00f6z\u00e9ppontba, de b\u0151ven k\u00edn\u00e1l programokat a sz\u00fcl\u0151knek is.<\/p>\n<p>Egyedi Attila eddig mindh\u00e1rom t\u00e1borban r\u00e9szt vett: k\u00e9tszer a n\u00e9pt\u00e1nc tan\u00edt\u00e1s\u00e1\u00e9rt volt felel\u0151s, \u00e9s mindh\u00e1rom alkalommal a t\u00e1bor zenei igazgat\u00f3i szerep\u00e9t is bet\u00f6lt\u00f6tte.<\/p>\n<p>A t\u00e1borok minden \u00e9vben egy tematika, egy keretmese k\u00f6r\u00e9 \u00e9p\u00fclnek, \u00e9s minden, ami a t\u00e1borban t\u00f6rt\u00e9nik, igyekszik ezt szolg\u00e1lni.<\/p>\n<p>A f\u0151 kerett\u00f6rt\u00e9net mellett a t\u00e1borok egyik kiemelked\u0151 eleme a zenei \u00e9s t\u00e1ncos tev\u00e9kenys\u00e9gek:<\/p>\n<ul>\n<li><strong>Ukulele oktat\u00e1s<\/strong>: Attila \u00e9s Be\u00e1ta elk\u00f6telezetten tan\u00edtotta az ukulel\u00e9t feln\u0151tteknek \u00e9s gyerekeknek egyar\u00e1nt. Ezen alkalmakkor az ukulele viszonylagos egyszer\u0171s\u00e9g\u00e9t kihaszn\u00e1lva a tanul\u00f3k hamar jutottak siker\u00e9lm\u00e9nyhez, magyar gyerekdalokat, n\u00e9pdalokat, \u00e9s k\u00f6nny\u0171zenei dalokat pengetve \u00e9s \u00e9nekelve.<\/li>\n<li><strong>Esti t\u00e1bort\u00fczes \u00e9nekl\u00e9sek<\/strong>: A feln\u0151tt r\u00e9sztvev\u0151k minden este \u00f6sszegy\u0171ltek a t\u00e1bort\u0171z k\u00f6r\u00fcl, ahol Attila vezet\u00e9s\u00e9vel k\u00f6z\u00f6s git\u00e1ros \u00e9nekl\u00e9sek zajlottak, felid\u00e9zve a gyerek- \u00e9s fiatalkort, visszarep\u00edtve a r\u00e9sztvev\u0151ket t\u00e9rben \u00e9s id\u0151ben.<\/li>\n<li><strong>Zenei t\u00e9m\u00e1j\u00fa kv\u00edz<\/strong>: A m\u00e1sodik \u00e9s harmadik t\u00e1borban izgalmas zenei kv\u00edzek ker\u00fcltek megrendez\u00e9sre, amelyek sor\u00e1n a r\u00e9sztvev\u0151k pr\u00f3b\u00e1ra tehett\u00e9k pop-rock tud\u00e1sukat, legyen az lexik\u00e1lis vagy hall\u00e1s alap\u00fa.<\/li>\n<li><strong>T\u00e1borz\u00e1r\u00f3 esem\u00e9nyek<\/strong>: A t\u00e1borokat k\u00f6vet\u0151en 2023-ban V\u00e1ncza Be\u00e1val k\u00f6z\u00f6s Crossroads Band koncert, 2024-ben Bolgovics Gerg\u0151vel parkbeli t\u00e1nch\u00e1z z\u00e1rta a hetet.<\/li>\n<li><strong>N\u00e9pt\u00e1nc oktat\u00e1s<\/strong>: Az els\u0151 \u00e9s m\u00e1sodik t\u00e1borban Attila vezette a n\u00e9pt\u00e1nc foglalkoz\u00e1sokat gyerekeknek \u00e9s feln\u0151tteknek egyar\u00e1nt. A m\u00e1sodik alkalommal Be\u00e1ta is bekapcsol\u00f3dott az oktat\u00e1sba. A harmadik \u00e9vben a t\u00e1nctan\u00edt\u00e1st Bolgovics Gerg\u0151 vette \u00e1t.<\/li>\n<\/ul>\n<p><\/p>\n<ul class=\"display-posts-listing\"><li class=\"listing-item\"><a class=\"title\" href=\"https:\/\/crossroadsband.org\/hu\/2025\/12\/15\/hawaii-diaspora-camp-4\/\">Hawaii Diaspora Camp 4<\/a><\/li><li class=\"listing-item\"><a class=\"title\" href=\"https:\/\/crossroadsband.org\/hu\/2024\/12\/03\/third-hawaii-diaspora-camp\/\">III. Hawaii Diaszp\u00f3ra T\u00e1bor<\/a><\/li><li class=\"listing-item\"><a class=\"title\" href=\"https:\/\/crossroadsband.org\/hu\/2023\/11\/30\/second-hawaii-diaspora-camp\/\">II. Hawaii Diaszp\u00f3ra T\u00e1bor<\/a><\/li><li class=\"listing-item\"><a class=\"title\" href=\"https:\/\/crossroadsband.org\/hu\/2023\/11\/26\/concert-in-honolulu-hawaii\/\">Koncert Honoluluban, Hawaii-on<\/a><\/li><li class=\"listing-item\"><a class=\"title\" href=\"https:\/\/crossroadsband.org\/hu\/2022\/11\/30\/first-hawaii-diaspora-camp\/\">I. Hawaii Diaszp\u00f3ra T\u00e1bor<\/a><\/li><\/ul>","protected":false},"excerpt":{"rendered":"","protected":false},"author":1,"featured_media":0,"parent":0,"menu_order":0,"comment_status":"closed","ping_status":"closed","template":"","meta":{"footnotes":""},"class_list":["post-299","page","type-page","status-publish","hentry"],"_links":{"self":[{"href":"https:\/\/crossroadsband.org\/hu\/wp-json\/wp\/v2\/pages\/299","targetHints":{"allow":["GET"]}}],"collection":[{"href":"https:\/\/crossroadsband.org\/hu\/wp-json\/wp\/v2\/pages"}],"about":[{"href":"https:\/\/crossroadsband.org\/hu\/wp-json\/wp\/v2\/types\/page"}],"author":[{"embeddable":true,"href":"https:\/\/crossroadsband.org\/hu\/wp-json\/wp\/v2\/users\/1"}],"replies":[{"embeddable":true,"href":"https:\/\/crossroadsband.org\/hu\/wp-json\/wp\/v2\/comments?post=299"}],"version-history":[{"count":9,"href":"https:\/\/crossroadsband.org\/hu\/wp-json\/wp\/v2\/pages\/299\/revisions"}],"predecessor-version":[{"id":410,"href":"https:\/\/crossroadsband.org\/hu\/wp-json\/wp\/v2\/pages\/299\/revisions\/410"}],"wp:attachment":[{"href":"https:\/\/crossroadsband.org\/hu\/wp-json\/wp\/v2\/media?parent=299"}],"curies":[{"name":"wp","href":"https:\/\/api.w.org\/{rel}","templated":true}]}}