{"id":453,"date":"2025-04-10T11:45:11","date_gmt":"2025-04-10T18:45:11","guid":{"rendered":"https:\/\/crossroadsband.org\/?page_id=453"},"modified":"2025-04-15T19:18:53","modified_gmt":"2025-04-16T02:18:53","slug":"concerts","status":"publish","type":"page","link":"https:\/\/crossroadsband.org\/hu\/concerts\/","title":{"rendered":"Koncertek"},"content":{"rendered":"<\/p>\n<h2>\ud83c\udfb6 Koncertjeink \u00e9s esem\u00e9nyeink<\/h2>\n<p>A Crossroads Band SF rendszeresen fell\u00e9p k\u00f6z\u00f6ss\u00e9gi esem\u00e9nyeken, kultur\u00e1lis \u00fcnneps\u00e9geken \u00e9s k\u00fcl\u00f6n\u00e1ll\u00f3 koncerteken is. Reperto\u00e1runkban magyar pop-rock sl\u00e1gerek, n\u00e9pszer\u0171 n\u00e9pzenei feldolgoz\u00e1sok, versmegzen\u00e9s\u00edt\u00e9sek \u00e9s tematikus dalok szerepelnek.<\/p>\n<p>Szeretettel v\u00e1runk a k\u00f6vetkez\u0151 koncert\u00fcnk\u00f6n!<br \/>\n\n<ul class=\"display-posts-listing\"><li class=\"listing-item\"><a class=\"title\" href=\"https:\/\/crossroadsband.org\/hu\/2026\/01\/13\/crossroads-eclectic-concert\/\">Crossroads Eclectic Concert<\/a><\/li><li class=\"listing-item\"><a class=\"title\" href=\"https:\/\/crossroadsband.org\/hu\/2025\/12\/11\/hayward-the-bistro-2\/\">Hayward The Bistro &#8211; 2<\/a><\/li><li class=\"listing-item\"><a class=\"title\" href=\"https:\/\/crossroadsband.org\/hu\/2025\/11\/12\/hungarian-sausage-charity-dinner\/\">Hungarian Sausage Charity Dinner<\/a><\/li><li class=\"listing-item\"><a class=\"title\" href=\"https:\/\/crossroadsband.org\/hu\/2025\/10\/23\/hungarian-food-festival-los-angeles\/\">Hungarian Food Festival Los Angeles<\/a><\/li><li class=\"listing-item\"><a class=\"title\" href=\"https:\/\/crossroadsband.org\/hu\/2025\/10\/16\/hayward-the-bistro\/\">Hayward The Bistro<\/a><\/li><li class=\"listing-item\"><a class=\"title\" href=\"https:\/\/crossroadsband.org\/hu\/2025\/06\/13\/summer-picnic\/\">Ny\u00e1ri Piknik<\/a><\/li><li class=\"listing-item\"><a class=\"title\" href=\"https:\/\/crossroadsband.org\/hu\/2025\/03\/29\/egyedi-folk-fusion-concert\/\">Egyedi Folk Fusion koncert<\/a><\/li><li class=\"listing-item\"><a class=\"title\" href=\"https:\/\/crossroadsband.org\/hu\/2025\/01\/19\/folk-is-the-soul-of-everything\/\">Folk a lelke mindennek<\/a><\/li><li class=\"listing-item\"><a class=\"title\" href=\"https:\/\/crossroadsband.org\/hu\/2024\/06\/15\/fathers-day-picnic\/\">Ap\u00e1k Napi Piknik<\/a><\/li><li class=\"listing-item\"><a class=\"title\" href=\"https:\/\/crossroadsband.org\/hu\/2024\/02\/20\/debut-concert-in-los-angeles\/\">Debut Concert in Los Angeles<\/a><\/li><li class=\"listing-item\"><a class=\"title\" href=\"https:\/\/crossroadsband.org\/hu\/2024\/01\/06\/songs-from-the-clubhouse\/\">Dalok a Klubh\u00e1zb\u00f3l<\/a><\/li><li class=\"listing-item\"><a class=\"title\" href=\"https:\/\/crossroadsband.org\/hu\/2023\/11\/26\/concert-in-honolulu-hawaii\/\">Koncert Honoluluban, Hawaii-on<\/a><\/li><li class=\"listing-item\"><a class=\"title\" href=\"https:\/\/crossroadsband.org\/hu\/2023\/05\/13\/concert-show-tanchaz\/\">Koncert &amp; T\u00e1nch\u00e1z<\/a><\/li><li class=\"listing-item\"><a class=\"title\" href=\"https:\/\/crossroadsband.org\/hu\/2023\/02\/04\/cultural-gala-in-sacramento\/\">Kultur\u00e1lis g\u00e1la Sacramento-ban<\/a><\/li><\/ul>","protected":false},"excerpt":{"rendered":"","protected":false},"author":1,"featured_media":0,"parent":0,"menu_order":0,"comment_status":"closed","ping_status":"closed","template":"","meta":{"footnotes":""},"class_list":["post-453","page","type-page","status-publish","hentry"],"_links":{"self":[{"href":"https:\/\/crossroadsband.org\/hu\/wp-json\/wp\/v2\/pages\/453","targetHints":{"allow":["GET"]}}],"collection":[{"href":"https:\/\/crossroadsband.org\/hu\/wp-json\/wp\/v2\/pages"}],"about":[{"href":"https:\/\/crossroadsband.org\/hu\/wp-json\/wp\/v2\/types\/page"}],"author":[{"embeddable":true,"href":"https:\/\/crossroadsband.org\/hu\/wp-json\/wp\/v2\/users\/1"}],"replies":[{"embeddable":true,"href":"https:\/\/crossroadsband.org\/hu\/wp-json\/wp\/v2\/comments?post=453"}],"version-history":[{"count":4,"href":"https:\/\/crossroadsband.org\/hu\/wp-json\/wp\/v2\/pages\/453\/revisions"}],"predecessor-version":[{"id":504,"href":"https:\/\/crossroadsband.org\/hu\/wp-json\/wp\/v2\/pages\/453\/revisions\/504"}],"wp:attachment":[{"href":"https:\/\/crossroadsband.org\/hu\/wp-json\/wp\/v2\/media?parent=453"}],"curies":[{"name":"wp","href":"https:\/\/api.w.org\/{rel}","templated":true}]}}